{"id":32,"date":"2018-05-13T15:22:50","date_gmt":"2018-05-13T15:22:50","guid":{"rendered":"http:\/\/konrad-kraft.eu\/?page_id=32"},"modified":"2018-05-13T15:38:58","modified_gmt":"2018-05-13T15:38:58","slug":"impressum","status":"publish","type":"page","link":"https:\/\/konrad-kraft.eu\/?page_id=32","title":{"rendered":"Imprint"},"content":{"rendered":"<p><strong>Inhaltlich Verantwortlicher gem\u00e4\u00df \u00a7 10 absatz 3 MDStV:<\/strong><\/p>\n<p>Detlef Funder, Walzwerkstrasse 14a, 40599 D\u00fcsseldorf, GERMANY<\/p>\n<p>mail@konrad-kraft.eu<\/p>\n<p>Haftungshinweis: Trotz sorgf\u00e4ltiger inhaltlicher Kontrolle \u00fcbernehme ich keine Haftung f\u00fcr die Inhalte externer Links.<\/p>\n<p>F\u00fcr den Inhalt der verlinkten Seiten sind ausschlie\u00dflich deren Betreiber verantwortlich.<\/p>\n","protected":false},"excerpt":{"rendered":"<p>Inhaltlich Verantwortlicher gem\u00e4\u00df \u00a7 10 absatz 3 MDStV: Detlef Funder, Walzwerkstrasse 14a, 40599 D\u00fcsseldorf, GERMANY mail@konrad-kraft.eu Haftungshinweis: Trotz sorgf\u00e4ltiger inhaltlicher Kontrolle \u00fcbernehme ich keine Haftung f\u00fcr die Inhalte externer Links. F\u00fcr den Inhalt der verlinkten Seiten sind ausschlie\u00dflich deren Betreiber verantwortlich.<\/p>\n","protected":false},"author":1,"featured_media":0,"parent":0,"menu_order":0,"comment_status":"closed","ping_status":"closed","template":"","meta":{"footnotes":""},"class_list":["post-32","page","type-page","status-publish","hentry"],"_links":{"self":[{"href":"https:\/\/konrad-kraft.eu\/index.php?rest_route=\/wp\/v2\/pages\/32","targetHints":{"allow":["GET"]}}],"collection":[{"href":"https:\/\/konrad-kraft.eu\/index.php?rest_route=\/wp\/v2\/pages"}],"about":[{"href":"https:\/\/konrad-kraft.eu\/index.php?rest_route=\/wp\/v2\/types\/page"}],"author":[{"embeddable":true,"href":"https:\/\/konrad-kraft.eu\/index.php?rest_route=\/wp\/v2\/users\/1"}],"replies":[{"embeddable":true,"href":"https:\/\/konrad-kraft.eu\/index.php?rest_route=%2Fwp%2Fv2%2Fcomments&post=32"}],"version-history":[{"count":2,"href":"https:\/\/konrad-kraft.eu\/index.php?rest_route=\/wp\/v2\/pages\/32\/revisions"}],"predecessor-version":[{"id":50,"href":"https:\/\/konrad-kraft.eu\/index.php?rest_route=\/wp\/v2\/pages\/32\/revisions\/50"}],"wp:attachment":[{"href":"https:\/\/konrad-kraft.eu\/index.php?rest_route=%2Fwp%2Fv2%2Fmedia&parent=32"}],"curies":[{"name":"wp","href":"https:\/\/api.w.org\/{rel}","templated":true}]}}